{"id":564,"date":"2021-04-07T15:15:27","date_gmt":"2021-04-07T13:15:27","guid":{"rendered":"https:\/\/www.fotojelinek.at\/shop\/?post_type=product&#038;p=564"},"modified":"2021-04-07T15:15:28","modified_gmt":"2021-04-07T13:15:28","slug":"herma-klebebiene-nachfueller","status":"publish","type":"product","link":"https:\/\/www.fotojelinek.at\/shop\/produkt\/herma-klebebiene-nachfueller\/","title":{"rendered":"Herma Klebebiene Nachf\u00fcller"},"content":{"rendered":"<p>sauberes und sicheres Verkleben von Papier, Karton, Kunststofffolien und vielem mehr;<br \/>\nproblemloses Abrollen des Klebstoffes in Geraden und Kurven; L\u00f6semittel- und s\u00e4urefrei,<br \/>\nfotovertr\u00e4glich und archivierungsbest\u00e4ndig<br \/>\nFest haftende Selbstklebegummierung wird in beliebig langen Streifen &#8222;punktweise&#8220; durch einfaches Abrollen der 15 Meter langen Rolle \u00fcbertragen, gerade oder in Kontur.<br \/>\nGeeignet zum fest haftenden und sauberen Aufkleben im B\u00fcro, im Haushalt, im Bastelbereich von z. B. Fotos, Ausschnitten,<br \/>\nQuittungen, Geschenken usw. Die Klebeteile sind kurzzeitig repositionierbar, danach dauerhaft verbunden.<br \/>\nDer Klebstoff ist l\u00f6semittel- und s\u00e4urefrei. Mit der praktischen Nachf\u00fcllrolle<br \/>\nvon HERMA ist der Klebespender sofort wieder einsatzbereit: Spender \u00f6ffnen, Rolle einlegen, schlie\u00dfen &#8211; fertig.<\/p>\n","protected":false},"excerpt":{"rendered":"<p>sauberes und sicheres Verkleben von Papier, Karton, Kunststofffolien und vielem mehr; problemloses Abrollen des Klebstoffes in Geraden und Kurven; L\u00f6semittel- und s\u00e4urefrei, fotovertr\u00e4glich und archivierungsbest\u00e4ndig Fest haftende Selbstklebegummierung wird in beliebig langen Streifen &#8222;punktweise&#8220; durch einfaches Abrollen der 15 Meter langen Rolle \u00fcbertragen, gerade oder in Kontur. Geeignet zum fest haftenden und sauberen Aufkleben im [&hellip;]<\/p>\n","protected":false},"featured_media":565,"template":"","meta":{"site-sidebar-layout":"default","site-content-layout":"default","ast-site-content-layout":"default","site-content-style":"default","site-sidebar-style":"default","ast-global-header-display":"","ast-banner-title-visibility":"","ast-main-header-display":"","ast-hfb-above-header-display":"","ast-hfb-below-header-display":"","ast-hfb-mobile-header-display":"","site-post-title":"","ast-breadcrumbs-content":"","ast-featured-img":"","footer-sml-layout":"","ast-disable-related-posts":"","theme-transparent-header-meta":"default","adv-header-id-meta":"","stick-header-meta":"default","header-above-stick-meta":"","header-main-stick-meta":"","header-below-stick-meta":"","astra-migrate-meta-layouts":"default","ast-page-background-enabled":"default","ast-page-background-meta":{"desktop":{"background-color":"","background-image":"","background-repeat":"repeat","background-position":"center center","background-size":"auto","background-attachment":"scroll","background-type":"","background-media":"","overlay-type":"","overlay-color":"","overlay-opacity":"","overlay-gradient":""},"tablet":{"background-color":"","background-image":"","background-repeat":"repeat","background-position":"center center","background-size":"auto","background-attachment":"scroll","background-type":"","background-media":"","overlay-type":"","overlay-color":"","overlay-opacity":"","overlay-gradient":""},"mobile":{"background-color":"","background-image":"","background-repeat":"repeat","background-position":"center center","background-size":"auto","background-attachment":"scroll","background-type":"","background-media":"","overlay-type":"","overlay-color":"","overlay-opacity":"","overlay-gradient":""}},"ast-content-background-meta":{"desktop":{"background-color":"var(--ast-global-color-5)","background-image":"","background-repeat":"repeat","background-position":"center center","background-size":"auto","background-attachment":"scroll","background-type":"","background-media":"","overlay-type":"","overlay-color":"","overlay-opacity":"","overlay-gradient":""},"tablet":{"background-color":"var(--ast-global-color-5)","background-image":"","background-repeat":"repeat","background-position":"center center","background-size":"auto","background-attachment":"scroll","background-type":"","background-media":"","overlay-type":"","overlay-color":"","overlay-opacity":"","overlay-gradient":""},"mobile":{"background-color":"var(--ast-global-color-5)","background-image":"","background-repeat":"repeat","background-position":"center center","background-size":"auto","background-attachment":"scroll","background-type":"","background-media":"","overlay-type":"","overlay-color":"","overlay-opacity":"","overlay-gradient":""}}},"product_brand":[],"product_cat":[82,108],"product_tag":[],"class_list":{"0":"post-564","1":"product","2":"type-product","3":"status-publish","4":"has-post-thumbnail","6":"product_cat-fotoalbum","7":"product_cat-zubehoer","8":"desktop-align-center","9":"tablet-align-center","10":"mobile-align-center","11":"ast-product-gallery-layout-horizontal-slider","12":"ast-product-gallery-with-no-image","13":"ast-product-tabs-layout-horizontal","15":"first","16":"instock","17":"taxable","18":"shipping-taxable","19":"purchasable","20":"product-type-simple"},"_links":{"self":[{"href":"https:\/\/www.fotojelinek.at\/shop\/wp-json\/wp\/v2\/product\/564","targetHints":{"allow":["GET"]}}],"collection":[{"href":"https:\/\/www.fotojelinek.at\/shop\/wp-json\/wp\/v2\/product"}],"about":[{"href":"https:\/\/www.fotojelinek.at\/shop\/wp-json\/wp\/v2\/types\/product"}],"wp:featuredmedia":[{"embeddable":true,"href":"https:\/\/www.fotojelinek.at\/shop\/wp-json\/wp\/v2\/media\/565"}],"wp:attachment":[{"href":"https:\/\/www.fotojelinek.at\/shop\/wp-json\/wp\/v2\/media?parent=564"}],"wp:term":[{"taxonomy":"product_brand","embeddable":true,"href":"https:\/\/www.fotojelinek.at\/shop\/wp-json\/wp\/v2\/product_brand?post=564"},{"taxonomy":"product_cat","embeddable":true,"href":"https:\/\/www.fotojelinek.at\/shop\/wp-json\/wp\/v2\/product_cat?post=564"},{"taxonomy":"product_tag","embeddable":true,"href":"https:\/\/www.fotojelinek.at\/shop\/wp-json\/wp\/v2\/product_tag?post=564"}],"curies":[{"name":"wp","href":"https:\/\/api.w.org\/{rel}","templated":true}]}}