{"id":458,"date":"2021-03-24T17:54:21","date_gmt":"2021-03-24T16:54:21","guid":{"rendered":"https:\/\/www.fotojelinek.at\/shop\/?post_type=product&#038;p=458"},"modified":"2021-04-07T14:46:50","modified_gmt":"2021-04-07T12:46:50","slug":"spiralalbum-goldbuch-17x24","status":"publish","type":"product","link":"https:\/\/www.fotojelinek.at\/shop\/produkt\/spiralalbum-goldbuch-17x24\/","title":{"rendered":"Spiralalbum Goldbuch 17&#215;24"},"content":{"rendered":"<p>Das spiralgebundene Fotoalbum von GOLDBUCH aus der Serie Living \u00fcberzeugt durch kr\u00e4ftige Farben und einem ausgestanzten pers\u00f6nlichen Album &#8211;<br \/>\nCover auf der Vorderseite f\u00fcr ein ca. 7 x 7 cm Introbild<br \/>\nIm Spiralfotoalbum sind 40 schwarze Seiten f\u00fcr bis zu 40 Fotos im Format 10 x 15 cm oder 13 x 18 cm enthalten,<br \/>\ndie Ihre sch\u00f6nsten Momente im Hoch &#8211; und Querformat stilvoll in Szene setzen, zum einkleben<\/p>\n","protected":false},"excerpt":{"rendered":"<p>Das spiralgebundene Fotoalbum von GOLDBUCH aus der Serie Living \u00fcberzeugt durch kr\u00e4ftige Farben und einem ausgestanzten pers\u00f6nlichen Album &#8211; Cover auf der Vorderseite f\u00fcr ein ca. 7 x 7 cm Introbild Im Spiralfotoalbum sind 40 schwarze Seiten f\u00fcr bis zu 40 Fotos im Format 10 x 15 cm oder 13 x 18 cm enthalten, die [&hellip;]<\/p>\n","protected":false},"featured_media":463,"template":"","meta":{"site-sidebar-layout":"default","site-content-layout":"default","ast-site-content-layout":"default","site-content-style":"default","site-sidebar-style":"default","ast-global-header-display":"","ast-banner-title-visibility":"","ast-main-header-display":"","ast-hfb-above-header-display":"","ast-hfb-below-header-display":"","ast-hfb-mobile-header-display":"","site-post-title":"","ast-breadcrumbs-content":"","ast-featured-img":"","footer-sml-layout":"","ast-disable-related-posts":"","theme-transparent-header-meta":"default","adv-header-id-meta":"","stick-header-meta":"default","header-above-stick-meta":"","header-main-stick-meta":"","header-below-stick-meta":"","astra-migrate-meta-layouts":"default","ast-page-background-enabled":"default","ast-page-background-meta":{"desktop":{"background-color":"","background-image":"","background-repeat":"repeat","background-position":"center center","background-size":"auto","background-attachment":"scroll","background-type":"","background-media":"","overlay-type":"","overlay-color":"","overlay-opacity":"","overlay-gradient":""},"tablet":{"background-color":"","background-image":"","background-repeat":"repeat","background-position":"center center","background-size":"auto","background-attachment":"scroll","background-type":"","background-media":"","overlay-type":"","overlay-color":"","overlay-opacity":"","overlay-gradient":""},"mobile":{"background-color":"","background-image":"","background-repeat":"repeat","background-position":"center center","background-size":"auto","background-attachment":"scroll","background-type":"","background-media":"","overlay-type":"","overlay-color":"","overlay-opacity":"","overlay-gradient":""}},"ast-content-background-meta":{"desktop":{"background-color":"var(--ast-global-color-5)","background-image":"","background-repeat":"repeat","background-position":"center center","background-size":"auto","background-attachment":"scroll","background-type":"","background-media":"","overlay-type":"","overlay-color":"","overlay-opacity":"","overlay-gradient":""},"tablet":{"background-color":"var(--ast-global-color-5)","background-image":"","background-repeat":"repeat","background-position":"center center","background-size":"auto","background-attachment":"scroll","background-type":"","background-media":"","overlay-type":"","overlay-color":"","overlay-opacity":"","overlay-gradient":""},"mobile":{"background-color":"var(--ast-global-color-5)","background-image":"","background-repeat":"repeat","background-position":"center center","background-size":"auto","background-attachment":"scroll","background-type":"","background-media":"","overlay-type":"","overlay-color":"","overlay-opacity":"","overlay-gradient":""}}},"product_brand":[],"product_cat":[105,82],"product_tag":[],"class_list":{"0":"post-458","1":"product","2":"type-product","3":"status-publish","4":"has-post-thumbnail","6":"product_cat-designalbum","7":"product_cat-fotoalbum","8":"desktop-align-center","9":"tablet-align-center","10":"mobile-align-center","11":"ast-product-gallery-layout-horizontal-slider","12":"ast-product-gallery-with-no-image","13":"ast-product-single-variable","14":"ast-product-tabs-layout-horizontal","16":"first","17":"instock","18":"taxable","19":"shipping-taxable","20":"purchasable","21":"product-type-variable"},"_links":{"self":[{"href":"https:\/\/www.fotojelinek.at\/shop\/wp-json\/wp\/v2\/product\/458","targetHints":{"allow":["GET"]}}],"collection":[{"href":"https:\/\/www.fotojelinek.at\/shop\/wp-json\/wp\/v2\/product"}],"about":[{"href":"https:\/\/www.fotojelinek.at\/shop\/wp-json\/wp\/v2\/types\/product"}],"wp:featuredmedia":[{"embeddable":true,"href":"https:\/\/www.fotojelinek.at\/shop\/wp-json\/wp\/v2\/media\/463"}],"wp:attachment":[{"href":"https:\/\/www.fotojelinek.at\/shop\/wp-json\/wp\/v2\/media?parent=458"}],"wp:term":[{"taxonomy":"product_brand","embeddable":true,"href":"https:\/\/www.fotojelinek.at\/shop\/wp-json\/wp\/v2\/product_brand?post=458"},{"taxonomy":"product_cat","embeddable":true,"href":"https:\/\/www.fotojelinek.at\/shop\/wp-json\/wp\/v2\/product_cat?post=458"},{"taxonomy":"product_tag","embeddable":true,"href":"https:\/\/www.fotojelinek.at\/shop\/wp-json\/wp\/v2\/product_tag?post=458"}],"curies":[{"name":"wp","href":"https:\/\/api.w.org\/{rel}","templated":true}]}}