{"id":448,"date":"2021-03-24T17:39:59","date_gmt":"2021-03-24T16:39:59","guid":{"rendered":"https:\/\/www.fotojelinek.at\/shop\/?post_type=product&#038;p=448"},"modified":"2022-09-21T15:58:48","modified_gmt":"2022-09-21T13:58:48","slug":"fotoalbum-walther-fun-22x16","status":"publish","type":"product","link":"https:\/\/www.fotojelinek.at\/shop\/produkt\/fotoalbum-walther-fun-22x16\/","title":{"rendered":"Fotoalbum Walther Fun 22&#215;16"},"content":{"rendered":"<p>Hochwertiges, buchgebundenes Fotoalbum mit Struktureinband und einem quadratischen Ausschnitt auf der Vorderseite<br \/>\nzur eingenen Personalisierung mittels Bildeinschub.<br \/>\nDas Album im Format 22&#215;16 cm bietet ausreichend Platz f\u00fcr Fotos oder Erinnerungen.<br \/>\nDas Album hat 40 wei\u00dfe Seiten aus s\u00e4urefreiem Fotokarton und zus\u00e4tzlich noch wei\u00dfe Pergaminschutzseiten zum Schutz der Bilder.<br \/>\nDas Album ist zus\u00e4tzlich mit einem CD- und Negativarchiv ausgestattet,<br \/>\nin welchem die gebrannten CDs der Bilder oder Negativstreifen bequem aufbewahrt werden k\u00f6nnen. <\/p>\n","protected":false},"excerpt":{"rendered":"<p>Hochwertiges, buchgebundenes Fotoalbum mit Struktureinband und einem quadratischen Ausschnitt auf der Vorderseite zur eingenen Personalisierung mittels Bildeinschub. Das Album im Format 22&#215;16 cm bietet ausreichend Platz f\u00fcr Fotos oder Erinnerungen. Das Album hat 40 wei\u00dfe Seiten aus s\u00e4urefreiem Fotokarton und zus\u00e4tzlich noch wei\u00dfe Pergaminschutzseiten zum Schutz der Bilder. Das Album ist zus\u00e4tzlich mit einem CD- [&hellip;]<\/p>\n","protected":false},"featured_media":457,"template":"","meta":{"site-sidebar-layout":"default","site-content-layout":"default","ast-site-content-layout":"default","site-content-style":"default","site-sidebar-style":"default","ast-global-header-display":"","ast-banner-title-visibility":"","ast-main-header-display":"","ast-hfb-above-header-display":"","ast-hfb-below-header-display":"","ast-hfb-mobile-header-display":"","site-post-title":"","ast-breadcrumbs-content":"","ast-featured-img":"","footer-sml-layout":"","ast-disable-related-posts":"","theme-transparent-header-meta":"default","adv-header-id-meta":"","stick-header-meta":"default","header-above-stick-meta":"","header-main-stick-meta":"","header-below-stick-meta":"","astra-migrate-meta-layouts":"default","ast-page-background-enabled":"default","ast-page-background-meta":{"desktop":{"background-color":"","background-image":"","background-repeat":"repeat","background-position":"center center","background-size":"auto","background-attachment":"scroll","background-type":"","background-media":"","overlay-type":"","overlay-color":"","overlay-opacity":"","overlay-gradient":""},"tablet":{"background-color":"","background-image":"","background-repeat":"repeat","background-position":"center center","background-size":"auto","background-attachment":"scroll","background-type":"","background-media":"","overlay-type":"","overlay-color":"","overlay-opacity":"","overlay-gradient":""},"mobile":{"background-color":"","background-image":"","background-repeat":"repeat","background-position":"center center","background-size":"auto","background-attachment":"scroll","background-type":"","background-media":"","overlay-type":"","overlay-color":"","overlay-opacity":"","overlay-gradient":""}},"ast-content-background-meta":{"desktop":{"background-color":"var(--ast-global-color-5)","background-image":"","background-repeat":"repeat","background-position":"center center","background-size":"auto","background-attachment":"scroll","background-type":"","background-media":"","overlay-type":"","overlay-color":"","overlay-opacity":"","overlay-gradient":""},"tablet":{"background-color":"var(--ast-global-color-5)","background-image":"","background-repeat":"repeat","background-position":"center center","background-size":"auto","background-attachment":"scroll","background-type":"","background-media":"","overlay-type":"","overlay-color":"","overlay-opacity":"","overlay-gradient":""},"mobile":{"background-color":"var(--ast-global-color-5)","background-image":"","background-repeat":"repeat","background-position":"center center","background-size":"auto","background-attachment":"scroll","background-type":"","background-media":"","overlay-type":"","overlay-color":"","overlay-opacity":"","overlay-gradient":""}}},"product_brand":[],"product_cat":[105,82],"product_tag":[],"class_list":{"0":"post-448","1":"product","2":"type-product","3":"status-publish","4":"has-post-thumbnail","6":"product_cat-designalbum","7":"product_cat-fotoalbum","8":"desktop-align-center","9":"tablet-align-center","10":"mobile-align-center","11":"ast-product-gallery-layout-horizontal-slider","12":"ast-product-gallery-with-no-image","13":"ast-product-single-variable","14":"ast-product-tabs-layout-horizontal","16":"first","17":"outofstock","18":"taxable","19":"shipping-taxable","20":"purchasable","21":"product-type-variable"},"_links":{"self":[{"href":"https:\/\/www.fotojelinek.at\/shop\/wp-json\/wp\/v2\/product\/448","targetHints":{"allow":["GET"]}}],"collection":[{"href":"https:\/\/www.fotojelinek.at\/shop\/wp-json\/wp\/v2\/product"}],"about":[{"href":"https:\/\/www.fotojelinek.at\/shop\/wp-json\/wp\/v2\/types\/product"}],"wp:featuredmedia":[{"embeddable":true,"href":"https:\/\/www.fotojelinek.at\/shop\/wp-json\/wp\/v2\/media\/457"}],"wp:attachment":[{"href":"https:\/\/www.fotojelinek.at\/shop\/wp-json\/wp\/v2\/media?parent=448"}],"wp:term":[{"taxonomy":"product_brand","embeddable":true,"href":"https:\/\/www.fotojelinek.at\/shop\/wp-json\/wp\/v2\/product_brand?post=448"},{"taxonomy":"product_cat","embeddable":true,"href":"https:\/\/www.fotojelinek.at\/shop\/wp-json\/wp\/v2\/product_cat?post=448"},{"taxonomy":"product_tag","embeddable":true,"href":"https:\/\/www.fotojelinek.at\/shop\/wp-json\/wp\/v2\/product_tag?post=448"}],"curies":[{"name":"wp","href":"https:\/\/api.w.org\/{rel}","templated":true}]}}