{"id":1272,"date":"2022-10-28T10:14:47","date_gmt":"2022-10-28T08:14:47","guid":{"rendered":"https:\/\/www.fotojelinek.at\/shop\/?post_type=product&#038;p=1272"},"modified":"2025-04-10T08:25:49","modified_gmt":"2025-04-10T06:25:49","slug":"fuji-instax-mini-11","status":"publish","type":"product","link":"https:\/\/www.fotojelinek.at\/shop\/produkt\/fuji-instax-mini-11\/","title":{"rendered":"Fuji Instax Mini 11"},"content":{"rendered":"<p><strong>instax mini 12<\/strong><br \/>\nMit automatischer Belichtung und anpassbarer Linse wird jetzt jeder Schnappschuss ein Treffer! Dank stylischer Farben und anpassbarem Design unterstreicht sie deinen Look \u2013 und wird so zum coolen Accessoire.<\/p>\n<p><strong>Mehr Individualit\u00e4t<\/strong><br \/>\nUnterstreich deinen eigenen Style mit der passenden Farbauswahl! F\u00fcr noch mehr Pers\u00f6nlichkeit kannst du das Design der instax mini 11 jetzt nach deinem Geschmack ver\u00e4ndern. Zum Beispiel durch farbige Aufkleber f\u00fcr den Ausl\u00f6ser.<\/p>\n<p><strong>AUTOMATISCHE BELICHTUNGSEINSTELLUNG<\/strong><br \/>\nDank der automatischen Belichtungsfunktion der instax mini 11 musst du die Belichtung nicht mehr manuell u\u00a8ber das Helligkeitseinstellrad einstellen. Das erledigt die instax mini 11 ganz von allein \u2013 und sorgt so fu\u00a8r perfekt ausbelichtete Bilder in jeder Umgebung.<\/p>\n<p><strong>INTEGRIERTER SELFIE-SPIEGEL UND VERSTELLBARE LINSE<\/strong><br \/>\nDank der anpassbaren Linse und dem integrierten Selfiespiegel wird jetzt jedes Selfie zum Schnappschuss. Die Zeiten mit separater Close-Up-Linse sind damit vorbei. Wirf dich in Pose und los geht\u2019s.<\/p>\n<p><strong>DER PERFEKTE BEGLEITER<\/strong><br \/>\nNicht nur die stylischen Farben machen die instax mini 11 zum perfekten Begleiter. Durch ihre geringe Gr\u00f6\u00dfe und das kleine Gewicht nimmt sie kaum Platz ein und l\u00e4sst sich u\u00a8berallhin gut mitnehmen.<\/p>\n<p>&nbsp;<\/p>\n<p><strong>Technische Daten:<\/strong><br \/>\n\u2022 Filmformat: instax mini (HxB): 62&#215;46 mm<br \/>\n\u2022 Abmessungen in mm (BxHxT): 107,6&#215;121,2&#215;67,3 mm<br \/>\n\u2022 Gewicht (ohne Batterien und Film): 293 g<br \/>\n\u2022 Objektiv: 60 mm, 1:12.7 (2 Elemente in 2 Gruppen)<br \/>\n\u2022 Aufnahmebereich: 0,3 m &#8211; unendlich<br \/>\n(0,3 &#8211; 0,5 m im Selfie-Modus)<br \/>\n\u2022 Programmierter elektronischer Verschluss 1\/2 &#8211; 1\/400s<br \/>\nLangzeit-Synchronisaton bei schlechten Lichtverh\u00e4ltnissen<br \/>\n\u2022 Belichtungssteuerung:\u00a0\u00a0\u00a0 Automatisch, LW 5,0 bis 14,5 (ISO 800)<br \/>\n\u2022 Sucher: Echtbildsucher, 0,37x mit Zielpunkt<br \/>\n\u2022 Eingebauter Blitz: Dauerblitz (automatische Einstellung),<br \/>\nWiederaufladezeit 6,5 sek. oder weniger bei neuen Batterien,<br \/>\nBlitzreichweite von 0,3m &#8211; 2,7m<br \/>\n\u2022 Enth\u00e4lt Bildz\u00e4hlwerk f\u00fcr Angabe der unbelichteten Aufnahmen, Filmpack-Sichtfenster<br \/>\n\u2022 Sonstiges: Automatische Abschaltung nach 5 Minuten<br \/>\n\u2022 Stromversorgung: 2 x AA-size 1,5V Alkaline Batterien LR6\/AA<\/p>\n","protected":false},"excerpt":{"rendered":"<p>instax mini 12 Mit automatischer Belichtung und anpassbarer Linse wird jetzt jeder Schnappschuss ein Treffer! Dank stylischer Farben und anpassbarem Design unterstreicht sie deinen Look \u2013 und wird so zum coolen Accessoire. Mehr Individualit\u00e4t Unterstreich deinen eigenen Style mit der passenden Farbauswahl! F\u00fcr noch mehr Pers\u00f6nlichkeit kannst du das Design der instax mini 11 jetzt [&hellip;]<\/p>\n","protected":false},"featured_media":1283,"template":"","meta":{"site-sidebar-layout":"default","site-content-layout":"default","ast-site-content-layout":"default","site-content-style":"default","site-sidebar-style":"default","ast-global-header-display":"","ast-banner-title-visibility":"","ast-main-header-display":"","ast-hfb-above-header-display":"","ast-hfb-below-header-display":"","ast-hfb-mobile-header-display":"","site-post-title":"","ast-breadcrumbs-content":"","ast-featured-img":"","footer-sml-layout":"","ast-disable-related-posts":"","theme-transparent-header-meta":"default","adv-header-id-meta":"","stick-header-meta":"default","header-above-stick-meta":"","header-main-stick-meta":"","header-below-stick-meta":"","astra-migrate-meta-layouts":"set","ast-page-background-enabled":"default","ast-page-background-meta":{"desktop":{"background-color":"","background-image":"","background-repeat":"repeat","background-position":"center center","background-size":"auto","background-attachment":"scroll","background-type":"","background-media":"","overlay-type":"","overlay-color":"","overlay-opacity":"","overlay-gradient":""},"tablet":{"background-color":"","background-image":"","background-repeat":"repeat","background-position":"center center","background-size":"auto","background-attachment":"scroll","background-type":"","background-media":"","overlay-type":"","overlay-color":"","overlay-opacity":"","overlay-gradient":""},"mobile":{"background-color":"","background-image":"","background-repeat":"repeat","background-position":"center center","background-size":"auto","background-attachment":"scroll","background-type":"","background-media":"","overlay-type":"","overlay-color":"","overlay-opacity":"","overlay-gradient":""}},"ast-content-background-meta":{"desktop":{"background-color":"var(--ast-global-color-5)","background-image":"","background-repeat":"repeat","background-position":"center center","background-size":"auto","background-attachment":"scroll","background-type":"","background-media":"","overlay-type":"","overlay-color":"","overlay-opacity":"","overlay-gradient":""},"tablet":{"background-color":"var(--ast-global-color-5)","background-image":"","background-repeat":"repeat","background-position":"center center","background-size":"auto","background-attachment":"scroll","background-type":"","background-media":"","overlay-type":"","overlay-color":"","overlay-opacity":"","overlay-gradient":""},"mobile":{"background-color":"var(--ast-global-color-5)","background-image":"","background-repeat":"repeat","background-position":"center center","background-size":"auto","background-attachment":"scroll","background-type":"","background-media":"","overlay-type":"","overlay-color":"","overlay-opacity":"","overlay-gradient":""}}},"product_brand":[],"product_cat":[204,230],"product_tag":[],"class_list":{"0":"post-1272","1":"product","2":"type-product","3":"status-publish","4":"has-post-thumbnail","6":"product_cat-fuji-instax","7":"product_cat-kamera","8":"desktop-align-center","9":"tablet-align-center","10":"mobile-align-center","11":"ast-product-gallery-layout-horizontal-slider","12":"ast-product-gallery-with-no-image","13":"ast-product-single-variable","14":"ast-product-tabs-layout-horizontal","16":"first","17":"instock","18":"taxable","19":"shipping-taxable","20":"purchasable","21":"product-type-variable"},"_links":{"self":[{"href":"https:\/\/www.fotojelinek.at\/shop\/wp-json\/wp\/v2\/product\/1272","targetHints":{"allow":["GET"]}}],"collection":[{"href":"https:\/\/www.fotojelinek.at\/shop\/wp-json\/wp\/v2\/product"}],"about":[{"href":"https:\/\/www.fotojelinek.at\/shop\/wp-json\/wp\/v2\/types\/product"}],"wp:featuredmedia":[{"embeddable":true,"href":"https:\/\/www.fotojelinek.at\/shop\/wp-json\/wp\/v2\/media\/1283"}],"wp:attachment":[{"href":"https:\/\/www.fotojelinek.at\/shop\/wp-json\/wp\/v2\/media?parent=1272"}],"wp:term":[{"taxonomy":"product_brand","embeddable":true,"href":"https:\/\/www.fotojelinek.at\/shop\/wp-json\/wp\/v2\/product_brand?post=1272"},{"taxonomy":"product_cat","embeddable":true,"href":"https:\/\/www.fotojelinek.at\/shop\/wp-json\/wp\/v2\/product_cat?post=1272"},{"taxonomy":"product_tag","embeddable":true,"href":"https:\/\/www.fotojelinek.at\/shop\/wp-json\/wp\/v2\/product_tag?post=1272"}],"curies":[{"name":"wp","href":"https:\/\/api.w.org\/{rel}","templated":true}]}}