{"id":3,"date":"2021-03-05T17:44:00","date_gmt":"2021-03-05T16:44:00","guid":{"rendered":"https:\/\/www.fotojelinek.at\/shop\/?page_id=3"},"modified":"2022-09-12T14:22:21","modified_gmt":"2022-09-12T12:22:21","slug":"datenschutzerklaerung","status":"publish","type":"page","link":"https:\/\/www.fotojelinek.at\/shop\/datenschutzerklaerung\/","title":{"rendered":"Datenschutzerkl\u00e4rung"},"content":{"rendered":"<h1>Datenschutzerkl\u00e4rung<\/h1>\n<p style=\"padding-top: 25px;\"><span style=\"font-weight: 400;\">1. Rechtsgrundlage <\/span><\/p>\n<p><span style=\"font-weight: 400;\">1.1.<\/span> Die EU-Datenschutz-Grundverordnung, das Datenschutzgesetz 2000 sowie das Datenschutz-Anpassungsgesetz 2018 dienen dem Recht auf Schutz personenbezogener Daten. Wir verarbeiten Ihre Daten ausschlie\u00dflich auf Grundlage der gesetzlichen Bestimmungen (DSGVO, DSG 2018, TKG 2003).<\/p>\n<p style=\"padding-top: 25px;\"><span style=\"font-weight: 400;\">2. Grunds\u00e4tzliches<\/span><\/p>\n<p><span style=\"font-weight: 400;\">2.1.<\/span> Verantwortlicher ist Herr Rudolf Thienel, Loferer Stra\u00dfe 32 5760 Saalfelden, Telefon: +43 (0)6582 72501, E-Mail: fotojelinek@aon.at<\/p>\n<p><span style=\"font-weight: 400;\">2.2.<\/span> Uns ist es ein besonderes Anliegen, alle personenbezogenen Daten, die Sie uns anvertrauen, zu sch\u00fctzen und sicher zu verwahren. In diesem Dokument erfahren Sie mehr dar\u00fcber, wie wir Ihre personenbezogenen Daten verwenden und verarbeiten.<\/p>\n<p style=\"padding-top: 25px;\"><span style=\"font-weight: 400;\">3. Zweckbindung, Rechtsgrundlage, Speicherdauer sowie Datenempf\u00e4nger<\/span><\/p>\n<p><span style=\"font-weight: 400;\">3.1.<\/span> Die gesammelten personenbezogenen Daten ben\u00f6tigen wir f\u00fcr Vertragserf\u00fcllung, Verrechnung, Geltendmachung der Vertragsanspr\u00fcche, f\u00fcr Zwecke des Kundenservice und f\u00fcr Werbezwecke. Die Daten werden hierf\u00fcr erhoben, gespeichert, verarbeitet und genutzt.<\/p>\n<p><span style=\"font-weight: 400;\">3.2.<\/span> Die rechtlichen Grundlagen f\u00fcr die Verarbeitung von Ihren personenbezogenen Daten sind einerseits Vertragserf\u00fcllung (zB Onlineeinkauf), berechtigte Interessen, die Erf\u00fcllung unserer rechtlichen bzw vertraglichen Verpflichtungen sowie andererseits Ihre Einwilligung (zB Kontaktformular, Cookies). Die Nichtbereitstellung der Daten kann unterschiedliche Folgen haben.<\/p>\n<p><span style=\"font-weight: 400;\">3.3.<\/span> Wir verarbeiten Ihre personenbezogenen Daten: Name, Anschrift, Telefonnummer, Email, soweit erforderlich, f\u00fcr die Dauer der gesamten Gesch\u00e4ftsbeziehung (von der Anbahnung, Abwicklung bis zur Beendigung eines Vertrags) sowie dar\u00fcber hinaus gem\u00e4\u00df den gesetzlichen Aufbewahrungs- und Dokumentationspflichten, die sich ua aus dem Unternehmensgesetzbuch (UGB), der Bundesabgabenordnung (BAO) ergeben sowie bis zur Beendigung eines allf\u00e4lligen Rechtsstreits, fortlaufender Gew\u00e4hrleistungs- und Garantiefristen usw.<\/p>\n<p style=\"padding-top: 25px;\"><span style=\"font-weight: 400;\">4. Kontaktformular und E-Mail <\/span><\/p>\n<p><span style=\"font-weight: 400;\">4.1.<\/span> Ihre Angaben inklusive pers\u00f6nlicher Daten aus unserem Kontaktformular oder E-Mail werden zur Bearbeitung Ihrer Anfrage \u00fcber unseren eigenen Mailserver an uns \u00fcbermittelt, weiterverarbeitet und bei uns gespeichert. Diese Daten werden ohne Ihre Einverst\u00e4ndniserkl\u00e4rung nicht erhoben oder weitergegeben. Ohne diese Daten k\u00f6nnen wir Ihre Anfragen nicht bearbeiten.<\/p>\n<p><span style=\"font-weight: 400;\">4.2.<\/span> Die Datenverarbeitung erfolgt auf Basis der gesetzlichen Bestimmungen des \u00a7 96 Abs 3 TKG sowie des Art 6 Abs 1 lit a (Einwilligung) DSGVO.<\/p>\n<p style=\"padding-top: 25px;\"><span style=\"font-weight: 400;\">5. Web-Analyse &amp; Cookies.<\/span><\/p>\n<p><span style=\"font-weight: 400;\">5.1.<\/span> Diese Website verwendet die Funktionen des Webanalysetool 1&amp;1 WebAnalytics, das von unserem Hosting Provider im Hostingpaket zur Verf\u00fcgung gestellt wird. Diese Daten sind f\u00fcr internen und pers\u00f6nlichen Gebrauch bestimmt und werden nicht an Dritte weitergegeben.<\/p>\n<p><span style=\"font-weight: 400;\">5.2.<\/span> Ihre IP-Adresse wird erfasst, aber umgehend mit IP-Anonymisierungsmethode pseudonymisiert. Dadurch ist nur mehr eine grobe Lokalisierung m\u00f6glich.<\/p>\n<p><span style=\"font-weight: 400;\">5.3.<\/span> Die Beziehung zum Webanalyseanbieter basiert auf Standardvertragsklauseln\/einem Angemessenheitsbeschluss der Europ\u00e4ischen Kommission.<\/p>\n<p style=\"padding-top: 25px; font-weight: 400;\">6. Cookies<\/p>\n<p><span style=\"font-weight: 400;\">6.1<\/span> Cookies sind kleine Textinformationen, die eine Wiedererkennung des Nutzers und eine Analyse Ihrer Nutzung unserer Websites m\u00f6glich machen. Die dadurch erzeugten Informationen werden auf den Server des Anbieters \u00fcbertragen und dort gespeichert. Sie dienen dazu, unsere Internetpr\u00e4senz insgesamt nutzerfreundlicher, effektiver sowie sicherer zu machen. Zudem dienen Cookies zur Messung der H\u00e4ufigkeit von Seitenaufrufen und zur allgemeinen Navigation.<\/p>\n<p><span style=\"font-weight: 400;\">6.2<\/span> Durch die Nutzung unserer Website willigen Sie ein, dass wir Cookies setzen. Sie k\u00f6nnen in Ihren Browsereinstellungen die Annahme von Cookies verweigern. Wie dies im Einzelnen funktioniert, entnehmen Sie bitte der Anleitung Ihres Browser-Herstellers. Wenn Sie sich gegen bestimmte technische und\/oder funktionelle Cookies entscheiden, k\u00f6nnte die Funktionalit\u00e4t unserer Website eventuell eingeschr\u00e4nkt werden. Einige Cookies bleiben auf Ihrem Endger\u00e4t gespeichert, bis Sie diese l\u00f6schen.<\/p>\n<p><span style=\"font-weight: 400;\">6.3<\/span> Die Datenverarbeitung erfolgt auf Basis der gesetzlichen Bestimmungen des \u00a7 96 Abs 3 TKG sowie des Art 6 DSGVO (insbesondere Einwilligung). Da uns die Privatsph\u00e4re unserer Nutzer wichtig ist, werden die Nutzerdaten pseudonymisiert.<\/p>\n<p><span style=\"font-weight: 400;\">6.4. <\/span><a href=\"https:\/\/www.fotojelinek.at\/shop\/cookie-richtlinie-eu\/\">Hier k\u00f6nnen Sie Ihre Cookie-Einstellungen verwalten, anpassen oder Einwilligungen widerrufen.<\/a><\/p>\n<p style=\"padding-top: 25px; font-weight: 400;\">7. Onlineeinkauf<\/p>\n<p><span style=\"font-weight: 400;\">7.1.<\/span> Wir weisen darauf hin, dass zum Zweck des einfacheren Einkaufsvorganges und zur sp\u00e4teren Vertragsabwicklung vom Webshop-Betreiber Herr Rudolf Thienel, im Rahmen von Cookies die IP-Daten des Anschlussinhabers gespeichert werden, ebenso wie Name, Anschrift, E-mail, Telefonnummer des K\u00e4ufers. Dar\u00fcber hinaus werden zum Zweck der Vertragsabwicklung folgende Daten auch bei uns gespeichert: Bankkontonummer. Die von Ihnen bereit gestellten Daten sind zur Vertragserf\u00fcllung bzw zur Durchf\u00fchrung vorvertraglicher Ma\u00dfnahmen erforderlich. Ohne diese Daten k\u00f6nnen wir den Vertrag mit Ihnen nicht abschlie\u00dfen.<\/p>\n<p><span style=\"font-weight: 400;\">7.2.<\/span> Eine \u00dcbermittlung der Daten Name, Anschrift und Bankkontonummer erfolgt an die abwickelnden Bankinstitute\/Zahlungsdienstleister zum Zweck der Abbuchung des Einkaufspreises, an das von uns beauftragte Transportunternehmen\/Versandunternehmen zum Zweck der Zustellung der Ware sowie an unseren Steuerberater zum Zweck der Erf\u00fcllung unserer steuerrechtlichen Verpflichtungen. Diese haben sich zur Einhaltung der geltenden datenschutzrechtlichen Bestimmungen uns gegen\u00fcber verpflichtet. Es wurde ein Auftragsverarbeitungsvertrag gem\u00e4\u00df Art 28 DSGVO abgeschlossen. N\u00e4here Informationen zu den von uns beauftragten Auftragsverarbeitern k\u00f6nnen Sie unter fotojelinek@aon.at anfragen.<\/p>\n<p><span style=\"font-weight: 400;\">7.3.<\/span> Die Datenverarbeitung erfolgt auf Basis der gesetzlichen Bestimmungen des \u00a7 96 Abs 3 TKG sowie des Art 6 DSGVO (insbesondere Einwilligung und\/oder Notwendigkeit der Vertragserf\u00fcllung).<\/p>\n<p style=\"padding-top: 25px;\"><span style=\"font-weight: 400;\">8. SSL-Verschl\u00fcsselung<\/span><\/p>\n<p><span style=\"font-weight: 400;\">8.1.<\/span> Um die Sicherheit Ihrer Daten bei der \u00dcbertragung zu sch\u00fctzen, verwenden wir dem aktuellen Stand der Technik entsprechende Verschl\u00fcsselungsverfahren (z. B. SSL) \u00fcber HTTPS.<\/p>\n<p style=\"padding-top: 25px;\"><span style=\"font-weight: 400;\">9. Einwilligung und Recht auf Widerruf<\/span><\/p>\n<p><span style=\"font-weight: 400;\">9.1.<\/span> Ist f\u00fcr die Verarbeitung Ihrer Daten Ihre Zustimmung notwendig, verarbeiten wir diese erst nach Ihrer ausdr\u00fccklichen Zustimmung.<\/p>\n<p><span style=\"font-weight: 400;\">9.2.<\/span> Grunds\u00e4tzlich verarbeiten wir keine Daten minderj\u00e4hriger Personen und sind dazu auch nicht befugt. Mit der Abgabe Ihrer Zustimmung best\u00e4tigen Sie, dass Sie das 14. Lebensjahr vollendet haben oder die Zustimmung Ihres gesetzlichen Vertreters vorliegt.<\/p>\n<p><span style=\"font-weight: 400;\">9.3.<\/span> Ihre Zustimmung k\u00f6nnen Sie jederzeit unter folgender E-Mail Adresse widerrufen: fotojelinek@aon.at. In einem solchen Fall werden die bisher \u00fcber Sie gespeicherten Daten anonymisiert und in weiterer Folge lediglich f\u00fcr statistische Zwecke ohne Personenbezug weiterverwendet. Mittels des Widerrufs der Zustimmung wird die Rechtm\u00e4\u00dfigkeit der aufgrund der Zustimmung bis zum Widerruf erfolgten Verarbeitung nicht ber\u00fchrt.<\/p>\n<p style=\"padding-top: 25px;\"><span style=\"font-weight: 400;\">10. Datensicherheit<\/span><\/p>\n<p><span style=\"font-weight: 400;\">10.1.<\/span> Herr Rudolf Thienel setzt technische und organisatorische Sicherheitsma\u00dfnahmen ein, um die gespeicherten personenbezogenen Daten gegen zuf\u00e4llige oder vors\u00e4tzliche Manipulation, Verlust oder Zerst\u00f6rung und gegen den Zugriff unberechtigter Personen zu sch\u00fctzen. Unsere Sicherheitsma\u00dfnahmen werden entsprechend des technischen Fortschritts fortlaufend verbessert.<\/p>\n<p style=\"padding-top: 25px;\"><span style=\"font-weight: 400;\">11. Haftung f\u00fcr Links<\/span><\/p>\n<p><span style=\"font-weight: 400;\">11.1.<\/span> Trotz sorgf\u00e4ltiger inhaltlicher Kontrolle \u00fcbernehmen wir keine Haftung f\u00fcr die Inhalte externer Links. F\u00fcr den Inhalt verlinkter Seiten sind ausschlie\u00dflich deren Betreiber verantwortlich.<\/p>\n<p style=\"padding-top: 25px;\"><span style=\"font-weight: 400;\">12. \u00c4nderung unserer Datenschutzbestimmungen <\/span><\/p>\n<p><span style=\"font-weight: 400;\">12.1.<\/span> Wir behalten uns vor, diese Datenschutzerkl\u00e4rung anzupassen, damit sie stets den aktuellen rechtlichen Anforderungen entspricht oder um \u00c4nderungen unserer Leistungen in der Datenschutzerkl\u00e4rung umzusetzen, z.B. bei der Einf\u00fchrung neuer Services. F\u00fcr Ihren erneuten Besuch gilt dann die neue Datenschutzerkl\u00e4rung.<\/p>\n<p style=\"padding-top: 25px;\"><span style=\"font-weight: 400;\">13. Ihre Rechte <\/span><\/p>\n<p><span style=\"font-weight: 400;\">13.1.<\/span> Sie haben jederzeit das Recht auf Auskunft seitens des Verantwortlichen Herr Rudolf Thienel, Loferer Stra\u00dfe 32 5760 Saalfelden \u00fcber die betreffenden personenbezogenen Daten. Soweit keine gesetzliche Aufbewahrungspflicht besteht, haben Sie das Recht auf L\u00f6schung dieser Daten sowie Widerspruch gegen die Verarbeitung. Ferner haben Sie das Recht auf Berichtigung der Daten sowie auf Einschr\u00e4nkung der Verarbeitung, auf Daten\u00fcbertragbarkeit sowie auf Beschwerde bei der \u00d6sterreichischen Datenschutzbeh\u00f6rde (Wickenburggasse 8-10, 1080 Wien, E-Mail: dsb@dsb.gv.at).<\/p>\n<p><span style=\"font-weight: 400;\">13.2.<\/span> Wenden Sie sich bez\u00fcglich Ihrer Rechte bitte an uns unter fotojelinek@aon.at oder schreiben Sie an:<\/p>\n<p>Foto Jelinek<br \/>\nHerr Rudolf Thienel<br \/>\nLoferer Stra\u00dfe 32<br \/>\n5760 Saalfelden<\/p>\n<p style=\"padding-top: 35px; font-size: 80%;\">Quelle: <a href=\"https:\/\/www.wko.at\/\" target=\"_blank\" rel=\"noopener noreferrer\">www.wko.at<\/a>, <a href=\"https:\/\/www.adsimple.at\/datenschutz-generator\/\">www.adsimple.at<\/a>, <a href=\"https:\/\/www.anwalt.de\/vorlage\/muster-datenschutzerklaerung.php\">www.anwalt.de<\/a><\/p>\n","protected":false},"excerpt":{"rendered":"<p>Datenschutzerkl\u00e4rung 1. Rechtsgrundlage 1.1. Die EU-Datenschutz-Grundverordnung, das Datenschutzgesetz 2000 sowie das Datenschutz-Anpassungsgesetz 2018 dienen dem Recht auf Schutz personenbezogener Daten. Wir verarbeiten Ihre Daten ausschlie\u00dflich auf Grundlage der gesetzlichen Bestimmungen (DSGVO, DSG 2018, TKG 2003). 2. Grunds\u00e4tzliches 2.1. Verantwortlicher ist Herr Rudolf Thienel, Loferer Stra\u00dfe 32 5760 Saalfelden, Telefon: +43 (0)6582 72501, E-Mail: fotojelinek@aon.at 2.2. [&hellip;]<\/p>\n","protected":false},"author":1,"featured_media":0,"parent":0,"menu_order":0,"comment_status":"closed","ping_status":"open","template":"","meta":{"site-sidebar-layout":"default","site-content-layout":"default","ast-site-content-layout":"default","site-content-style":"default","site-sidebar-style":"default","ast-global-header-display":"","ast-banner-title-visibility":"","ast-main-header-display":"","ast-hfb-above-header-display":"","ast-hfb-below-header-display":"","ast-hfb-mobile-header-display":"","site-post-title":"","ast-breadcrumbs-content":"","ast-featured-img":"","footer-sml-layout":"","ast-disable-related-posts":"","theme-transparent-header-meta":"default","adv-header-id-meta":"","stick-header-meta":"default","header-above-stick-meta":"","header-main-stick-meta":"","header-below-stick-meta":"","astra-migrate-meta-layouts":"default","ast-page-background-enabled":"default","ast-page-background-meta":{"desktop":{"background-color":"","background-image":"","background-repeat":"repeat","background-position":"center center","background-size":"auto","background-attachment":"scroll","background-type":"","background-media":"","overlay-type":"","overlay-color":"","overlay-opacity":"","overlay-gradient":""},"tablet":{"background-color":"","background-image":"","background-repeat":"repeat","background-position":"center center","background-size":"auto","background-attachment":"scroll","background-type":"","background-media":"","overlay-type":"","overlay-color":"","overlay-opacity":"","overlay-gradient":""},"mobile":{"background-color":"","background-image":"","background-repeat":"repeat","background-position":"center center","background-size":"auto","background-attachment":"scroll","background-type":"","background-media":"","overlay-type":"","overlay-color":"","overlay-opacity":"","overlay-gradient":""}},"ast-content-background-meta":{"desktop":{"background-color":"var(--ast-global-color-5)","background-image":"","background-repeat":"repeat","background-position":"center center","background-size":"auto","background-attachment":"scroll","background-type":"","background-media":"","overlay-type":"","overlay-color":"","overlay-opacity":"","overlay-gradient":""},"tablet":{"background-color":"var(--ast-global-color-5)","background-image":"","background-repeat":"repeat","background-position":"center center","background-size":"auto","background-attachment":"scroll","background-type":"","background-media":"","overlay-type":"","overlay-color":"","overlay-opacity":"","overlay-gradient":""},"mobile":{"background-color":"var(--ast-global-color-5)","background-image":"","background-repeat":"repeat","background-position":"center center","background-size":"auto","background-attachment":"scroll","background-type":"","background-media":"","overlay-type":"","overlay-color":"","overlay-opacity":"","overlay-gradient":""}},"footnotes":""},"class_list":["post-3","page","type-page","status-publish","hentry"],"_links":{"self":[{"href":"https:\/\/www.fotojelinek.at\/shop\/wp-json\/wp\/v2\/pages\/3","targetHints":{"allow":["GET"]}}],"collection":[{"href":"https:\/\/www.fotojelinek.at\/shop\/wp-json\/wp\/v2\/pages"}],"about":[{"href":"https:\/\/www.fotojelinek.at\/shop\/wp-json\/wp\/v2\/types\/page"}],"author":[{"embeddable":true,"href":"https:\/\/www.fotojelinek.at\/shop\/wp-json\/wp\/v2\/users\/1"}],"replies":[{"embeddable":true,"href":"https:\/\/www.fotojelinek.at\/shop\/wp-json\/wp\/v2\/comments?post=3"}],"version-history":[{"count":7,"href":"https:\/\/www.fotojelinek.at\/shop\/wp-json\/wp\/v2\/pages\/3\/revisions"}],"predecessor-version":[{"id":1211,"href":"https:\/\/www.fotojelinek.at\/shop\/wp-json\/wp\/v2\/pages\/3\/revisions\/1211"}],"wp:attachment":[{"href":"https:\/\/www.fotojelinek.at\/shop\/wp-json\/wp\/v2\/media?parent=3"}],"curies":[{"name":"wp","href":"https:\/\/api.w.org\/{rel}","templated":true}]}}