{"id":14,"date":"2021-03-05T17:50:01","date_gmt":"2021-03-05T16:50:01","guid":{"rendered":"https:\/\/www.fotojelinek.at\/shop\/bezahlmoeglichkeiten\/"},"modified":"2021-03-24T09:31:00","modified_gmt":"2021-03-24T08:31:00","slug":"bezahlmoeglichkeiten","status":"publish","type":"page","link":"https:\/\/www.fotojelinek.at\/shop\/bezahlmoeglichkeiten\/","title":{"rendered":"Zahlungsarten"},"content":{"rendered":"<h2 style=\"text-transform: uppercase; font-weight: 400; margin-top: 30px;\">Wir bieten derzeit folgende Zahlungsm\u00f6glichkeiten an.<\/h2>\n<h4 style=\"text-transform: uppercase; font-weight: 400; margin-top: 30px;\">Kauf auf Rechnung<\/h4>\n<p style=\"padding-left: 30px;\">Wir schicken Ihnen die Ware inkl. der Rechnung zu.<\/p>\n<p style=\"padding-left: 30px;\">Die Rechnung bitte sofort nach erhalt auf unser Konto \u00fcberweisen.<\/p>\n<p style=\"padding-left: 30px;\">Als Verwendungszweck bitte unbedingt die Rechnungsnummer angeben.<\/p>\n<h4 style=\"text-transform: uppercase; font-weight: 400; margin-top: 30px;\">Bank\u00fcberweisung<\/h4>\n<p style=\"padding-left: 30px;\">Nach Bestellung ersuchen wir um \u00dcberweisung des Gesamtbetrages innerhalb von 7 Tagen auf unser Konto.<\/p>\n<p style=\"padding-left: 30px;\">Als Verwendungszweck bitte Name und die Bestell-Nummer anf\u00fchren. Die Auslieferung der Bestellung erfolgt nach Zahlungseingang.<\/p>\n<p style=\"padding-left: 30px;\">Bei Online \u00dcberweisungen, nutzen Sie bitte folgende Bankverbindung:<\/p>\n<p style=\"padding-left: 30px;\">Empf\u00e4nger: Rudolf Thienel jun.<br \/>\nGeldinstitut: Salzburger Sparkasse Saalfelden<br \/>\nIBAN: AT71 2040 4016 0016 7718<\/p>\n<h4 style=\"text-transform: uppercase; font-weight: 400; margin-top: 30px;\">Abholung im Gesch\u00e4ft<\/h4>\n<p>Wenn Sie Ihre Bestellung in unserem Gesch\u00e4ft\u00a0 abholen m\u00f6chten, k\u00f6nnen Sie diese bei der Abholung problemlos\u00a0 an der Kasse bezahlen.<\/p>\n","protected":false},"excerpt":{"rendered":"<p>Wir bieten derzeit folgende Zahlungsm\u00f6glichkeiten an. Kauf auf Rechnung Wir schicken Ihnen die Ware inkl. der Rechnung zu. Die Rechnung bitte sofort nach erhalt auf unser Konto \u00fcberweisen. Als Verwendungszweck bitte unbedingt die Rechnungsnummer angeben. Bank\u00fcberweisung Nach Bestellung ersuchen wir um \u00dcberweisung des Gesamtbetrages innerhalb von 7 Tagen auf unser Konto. Als Verwendungszweck bitte Name [&hellip;]<\/p>\n","protected":false},"author":1,"featured_media":0,"parent":0,"menu_order":0,"comment_status":"closed","ping_status":"closed","template":"","meta":{"site-sidebar-layout":"default","site-content-layout":"default","ast-site-content-layout":"default","site-content-style":"default","site-sidebar-style":"default","ast-global-header-display":"","ast-banner-title-visibility":"","ast-main-header-display":"","ast-hfb-above-header-display":"","ast-hfb-below-header-display":"","ast-hfb-mobile-header-display":"","site-post-title":"","ast-breadcrumbs-content":"","ast-featured-img":"","footer-sml-layout":"","ast-disable-related-posts":"","theme-transparent-header-meta":"default","adv-header-id-meta":"","stick-header-meta":"default","header-above-stick-meta":"","header-main-stick-meta":"","header-below-stick-meta":"","astra-migrate-meta-layouts":"default","ast-page-background-enabled":"default","ast-page-background-meta":{"desktop":{"background-color":"","background-image":"","background-repeat":"repeat","background-position":"center center","background-size":"auto","background-attachment":"scroll","background-type":"","background-media":"","overlay-type":"","overlay-color":"","overlay-opacity":"","overlay-gradient":""},"tablet":{"background-color":"","background-image":"","background-repeat":"repeat","background-position":"center center","background-size":"auto","background-attachment":"scroll","background-type":"","background-media":"","overlay-type":"","overlay-color":"","overlay-opacity":"","overlay-gradient":""},"mobile":{"background-color":"","background-image":"","background-repeat":"repeat","background-position":"center center","background-size":"auto","background-attachment":"scroll","background-type":"","background-media":"","overlay-type":"","overlay-color":"","overlay-opacity":"","overlay-gradient":""}},"ast-content-background-meta":{"desktop":{"background-color":"var(--ast-global-color-5)","background-image":"","background-repeat":"repeat","background-position":"center center","background-size":"auto","background-attachment":"scroll","background-type":"","background-media":"","overlay-type":"","overlay-color":"","overlay-opacity":"","overlay-gradient":""},"tablet":{"background-color":"var(--ast-global-color-5)","background-image":"","background-repeat":"repeat","background-position":"center center","background-size":"auto","background-attachment":"scroll","background-type":"","background-media":"","overlay-type":"","overlay-color":"","overlay-opacity":"","overlay-gradient":""},"mobile":{"background-color":"var(--ast-global-color-5)","background-image":"","background-repeat":"repeat","background-position":"center center","background-size":"auto","background-attachment":"scroll","background-type":"","background-media":"","overlay-type":"","overlay-color":"","overlay-opacity":"","overlay-gradient":""}},"footnotes":""},"class_list":["post-14","page","type-page","status-publish","hentry"],"_links":{"self":[{"href":"https:\/\/www.fotojelinek.at\/shop\/wp-json\/wp\/v2\/pages\/14","targetHints":{"allow":["GET"]}}],"collection":[{"href":"https:\/\/www.fotojelinek.at\/shop\/wp-json\/wp\/v2\/pages"}],"about":[{"href":"https:\/\/www.fotojelinek.at\/shop\/wp-json\/wp\/v2\/types\/page"}],"author":[{"embeddable":true,"href":"https:\/\/www.fotojelinek.at\/shop\/wp-json\/wp\/v2\/users\/1"}],"replies":[{"embeddable":true,"href":"https:\/\/www.fotojelinek.at\/shop\/wp-json\/wp\/v2\/comments?post=14"}],"version-history":[{"count":14,"href":"https:\/\/www.fotojelinek.at\/shop\/wp-json\/wp\/v2\/pages\/14\/revisions"}],"predecessor-version":[{"id":318,"href":"https:\/\/www.fotojelinek.at\/shop\/wp-json\/wp\/v2\/pages\/14\/revisions\/318"}],"wp:attachment":[{"href":"https:\/\/www.fotojelinek.at\/shop\/wp-json\/wp\/v2\/media?parent=14"}],"curies":[{"name":"wp","href":"https:\/\/api.w.org\/{rel}","templated":true}]}}