{"id":13,"date":"2021-03-05T17:50:01","date_gmt":"2021-03-05T16:50:01","guid":{"rendered":"https:\/\/www.fotojelinek.at\/shop\/versandarten\/"},"modified":"2021-11-15T08:46:36","modified_gmt":"2021-11-15T07:46:36","slug":"versandarten","status":"publish","type":"page","link":"https:\/\/www.fotojelinek.at\/shop\/versandarten\/","title":{"rendered":"Versandarten"},"content":{"rendered":"<h4 style=\"text-transform: uppercase; font-weight: 400; margin-top: 30px;\">Versandarten<\/h4>\n<p>Der Versand wird per DPD durchgef\u00fchrt.<br \/>\nEs gelten die im Ablauf des Bestellvorganges errechneten Versandkosten.<\/p>\n<h4 style=\"text-transform: uppercase; font-weight: 400; margin-top: 30px;\">Lieferl\u00e4nder<\/h4>\n<p>Wir liefern derzeit nach:<\/p>\n<ul>\n<li>\u00d6sterreich<\/li>\n<li>Deutschland<\/li>\n<\/ul>\n<h4 style=\"text-transform: uppercase; font-weight: 400; margin-top: 30px;\">Versandkosten<\/h4>\n<p><span style=\"font-weight: 400; padding-left: 30px;\">\u00d6sterreich:<\/span><\/p>\n<ul>\n<li>Versandkostenpauschale \u20ac 9,00 pro Bestellung<\/li>\n<li>ab einem Bestellwert von \u20ac 60,00 entfallen die Versandkosten<\/li>\n<li>Bei Selbstabholung im Gesch\u00e4ft entfallen die Versandkosten<\/li>\n<\/ul>\n<p><span style=\"font-weight: 400; padding-left: 30px;\">Deutschland:<\/span><\/p>\n<ul>\n<li>Versandkostenpauschale \u20ac 16,00 pro Bestellung<\/li>\n<li>Bei Selbstabholung im Gesch\u00e4ft entfallen die Versandkosten<\/li>\n<\/ul>\n<h4 style=\"text-transform: uppercase; font-weight: 400; margin-top: 30px;\">Lieferzeit<\/h4>\n<ul>\n<li>Nach Zahlungseingang wird die Bearbeitung f\u00fcr den Versand vorbereitet.<\/li>\n<\/ul>\n<h4 style=\"text-transform: uppercase; font-weight: 400; margin-top: 30px;\">Abweichende Lieferadresse<\/h4>\n<p>Sie k\u00f6nnen Ihre Bestellung auch an eine Lieferadresse in \u00d6sterreich liefern lassen, die von der Rechnungsadresse abweicht. Es entstehen Ihnen hierdurch keinerlei Zusatzkosten. Die Lieferadresse k\u00f6nnen Sie w\u00e4hrend des Bestellvorganges eingeben.<\/p>\n<p>&nbsp;<\/p>\n<h4 style=\"text-transform: uppercase; font-weight: 400; margin-top: 30px;\">Bei Lieferung des Pakets<\/h4>\n<p>F\u00fcr Lieferverz\u00f6gerungen oder Besch\u00e4digung der Ware, die das Versandunternehmen (DPD) verursacht, ist die Firma Rudolf Thienel \u2013 Foto Jelinek nicht zur Verantwortung zu ziehen.<\/p>\n<p>Bitte die Ware sofort auf Transportsch\u00e4den kontrollieren, wenn Sch\u00e4den sind bitte Fotos machen, besch\u00e4digte Ware und besch\u00e4digtes Verpackungsmaterial aufbewahren.<\/p>\n<p>Die Sch\u00e4den bitte gleich an uns melden \u2013 die Sch\u00e4den werden dann an DPD weitergeleitet.<\/p>\n","protected":false},"excerpt":{"rendered":"<p>Versandarten Der Versand wird per DPD durchgef\u00fchrt. Es gelten die im Ablauf des Bestellvorganges errechneten Versandkosten. Lieferl\u00e4nder Wir liefern derzeit nach: \u00d6sterreich Deutschland Versandkosten \u00d6sterreich: Versandkostenpauschale \u20ac 9,00 pro Bestellung ab einem Bestellwert von \u20ac 60,00 entfallen die Versandkosten Bei Selbstabholung im Gesch\u00e4ft entfallen die Versandkosten Deutschland: Versandkostenpauschale \u20ac 16,00 pro Bestellung Bei Selbstabholung im [&hellip;]<\/p>\n","protected":false},"author":1,"featured_media":0,"parent":0,"menu_order":0,"comment_status":"closed","ping_status":"closed","template":"","meta":{"site-sidebar-layout":"default","site-content-layout":"default","ast-site-content-layout":"default","site-content-style":"default","site-sidebar-style":"default","ast-global-header-display":"","ast-banner-title-visibility":"","ast-main-header-display":"","ast-hfb-above-header-display":"","ast-hfb-below-header-display":"","ast-hfb-mobile-header-display":"","site-post-title":"","ast-breadcrumbs-content":"","ast-featured-img":"","footer-sml-layout":"","ast-disable-related-posts":"","theme-transparent-header-meta":"default","adv-header-id-meta":"","stick-header-meta":"default","header-above-stick-meta":"","header-main-stick-meta":"","header-below-stick-meta":"","astra-migrate-meta-layouts":"default","ast-page-background-enabled":"default","ast-page-background-meta":{"desktop":{"background-color":"","background-image":"","background-repeat":"repeat","background-position":"center center","background-size":"auto","background-attachment":"scroll","background-type":"","background-media":"","overlay-type":"","overlay-color":"","overlay-opacity":"","overlay-gradient":""},"tablet":{"background-color":"","background-image":"","background-repeat":"repeat","background-position":"center center","background-size":"auto","background-attachment":"scroll","background-type":"","background-media":"","overlay-type":"","overlay-color":"","overlay-opacity":"","overlay-gradient":""},"mobile":{"background-color":"","background-image":"","background-repeat":"repeat","background-position":"center center","background-size":"auto","background-attachment":"scroll","background-type":"","background-media":"","overlay-type":"","overlay-color":"","overlay-opacity":"","overlay-gradient":""}},"ast-content-background-meta":{"desktop":{"background-color":"var(--ast-global-color-5)","background-image":"","background-repeat":"repeat","background-position":"center center","background-size":"auto","background-attachment":"scroll","background-type":"","background-media":"","overlay-type":"","overlay-color":"","overlay-opacity":"","overlay-gradient":""},"tablet":{"background-color":"var(--ast-global-color-5)","background-image":"","background-repeat":"repeat","background-position":"center center","background-size":"auto","background-attachment":"scroll","background-type":"","background-media":"","overlay-type":"","overlay-color":"","overlay-opacity":"","overlay-gradient":""},"mobile":{"background-color":"var(--ast-global-color-5)","background-image":"","background-repeat":"repeat","background-position":"center center","background-size":"auto","background-attachment":"scroll","background-type":"","background-media":"","overlay-type":"","overlay-color":"","overlay-opacity":"","overlay-gradient":""}},"footnotes":""},"class_list":["post-13","page","type-page","status-publish","hentry"],"_links":{"self":[{"href":"https:\/\/www.fotojelinek.at\/shop\/wp-json\/wp\/v2\/pages\/13","targetHints":{"allow":["GET"]}}],"collection":[{"href":"https:\/\/www.fotojelinek.at\/shop\/wp-json\/wp\/v2\/pages"}],"about":[{"href":"https:\/\/www.fotojelinek.at\/shop\/wp-json\/wp\/v2\/types\/page"}],"author":[{"embeddable":true,"href":"https:\/\/www.fotojelinek.at\/shop\/wp-json\/wp\/v2\/users\/1"}],"replies":[{"embeddable":true,"href":"https:\/\/www.fotojelinek.at\/shop\/wp-json\/wp\/v2\/comments?post=13"}],"version-history":[{"count":10,"href":"https:\/\/www.fotojelinek.at\/shop\/wp-json\/wp\/v2\/pages\/13\/revisions"}],"predecessor-version":[{"id":1045,"href":"https:\/\/www.fotojelinek.at\/shop\/wp-json\/wp\/v2\/pages\/13\/revisions\/1045"}],"wp:attachment":[{"href":"https:\/\/www.fotojelinek.at\/shop\/wp-json\/wp\/v2\/media?parent=13"}],"curies":[{"name":"wp","href":"https:\/\/api.w.org\/{rel}","templated":true}]}}