{"id":12,"date":"2021-03-05T17:50:01","date_gmt":"2021-03-05T16:50:01","guid":{"rendered":"https:\/\/www.fotojelinek.at\/shop\/widerrufsbelehrung\/"},"modified":"2021-04-10T11:30:37","modified_gmt":"2021-04-10T09:30:37","slug":"widerrufsbelehrung","status":"publish","type":"page","link":"https:\/\/www.fotojelinek.at\/shop\/widerrufsbelehrung\/","title":{"rendered":"Widerrufsbelehrung"},"content":{"rendered":"<h2>Informationen zur Aus\u00fcbung des Widerrufsrechts<\/h2>\n<p style=\"padding-top: 25px;\"><span style=\"font-weight: 400;\">1. Widerrufsrecht<\/p>\n<p><span style=\"font-weight: 400;\">1.1.<\/span> Sie haben das Recht, binnen vierzehn Tagen ohne Angabe von Gr\u00fcnden diesen Vertrag zu widerrufen.<\/p>\n<p><span style=\"font-weight: 400;\">1.2.<\/span> Die Widerrufsfrist betr\u00e4gt vierzehn Tage ab dem Tag, an dem Sie oder ein von Ihnen benannter Dritter, der nicht der Bef\u00f6rderer ist, die Waren in Besitz genommen haben bzw. hat;<\/p>\n<p><span style=\"font-weight: 400;\">1.3.<\/span> Um Ihr Widerrufsrecht auszu\u00fcben, m\u00fcssen Sie uns: Rudolf Thienel \u2013 Foto Jelinek, Lofererstra\u00dfe 32 \u2013 5760 Saalfelden, +436582 72501, fotojelinek@aon.at, mittels einer eindeutigen Erkl\u00e4rung (z.B. ein mit der Post versandter Brief oder E-Mail) \u00fcber Ihren Entschluss, diesen Vertrag zu widerrufen, informieren. Sie k\u00f6nnen daf\u00fcr das beigef\u00fcgte <a href=\"https:\/\/www.fotojelinek.at\/shop\/wp-content\/uploads\/2021\/04\/Form-Widerrufsformular.pdf\" target=\"_blank\" rel=\"noopener noreferrer\"><strong>Widerrufsformular<\/strong><\/a> verwenden, das jedoch nicht vorgeschrieben ist.<\/p>\n<p><span style=\"font-weight: 400;\">1.4.<\/span> Zur Wahrung der Widerrufsfrist reicht es aus, dass Sie die Mitteilung \u00fcber die Aus\u00fcbung des Widerrufsrechts vor Ablauf der Widerrufsfrist absenden und die Frist ist gewahrt, wenn Sie die Waren vor Ablauf der Frist von vierzehn Tagen absenden.<\/p>\n<p style=\"padding-top: 25px;\"><span style=\"font-weight: 400;\">2. Folgen des Widerrufs<\/p>\n<p><span style=\"font-weight: 400;\">2.1.<\/span> Wenn Sie diesen Vertrag widerrufen, haben wir Ihnen alle Zahlungen, die wir von Ihnen erhalten haben, exklusive der Lieferkosten und der Bearbeitungsgeb\u00fchr (mit Ausnahme der zus\u00e4tzlichen Kosten, die sich daraus ergeben, dass Sie eine andere Art der Lieferung als die von uns angebotene, g\u00fcnstigste Standardlieferung gew\u00e4hlt haben), unverz\u00fcglich und sp\u00e4testens binnen vierzehn Tagen ab dem Tag zur\u00fcckzuzahlen, nachdem die Ware bez\u00fcglich Ihrer Wiederrufung an uns zur\u00fcckgesandt und gepr\u00fcft wurde.<\/p>\n<p style=\"padding-top: 25px;\"><span style=\"font-weight: 400;\">3. Anfallende Kosten bei Widerrufung. R\u00fccksendung der Waren<\/p>\n<p><span style=\"font-weight: 400;\">3.1.<\/span> Die Kosten f\u00fcr die R\u00fccksendung von Produkten gehen zu Ihren Lasten.<\/p>\n<p><span style=\"font-weight: 400;\">3.2.<\/span> Zur\u00fcckgesandte Artikel m\u00fcssen im Originalzustand und in der Originalverpackung an uns zur\u00fcckgesandt werden. Ansonsten k\u00f6nnen die Artikel nicht zur\u00fcckgenommen werden.<\/p>\n<p><span style=\"font-weight: 400;\">3.3.<\/span> Besch\u00e4digte Artikel k\u00f6nnen nicht zur\u00fcckgenommen werden.<\/p>\n<p><span style=\"font-weight: 400;\">3.4.<\/span> Andernfalls ziehen wir den Schaden ab, der durch den zu erstattenden Betrag entstanden ist.<\/p>\n<p style=\"padding-top: 25px;\"><span style=\"font-weight: 400;\">4. Personalisierte Produkte.<\/p>\n<p><span style=\"font-weight: 400;\">4.1.<\/span> Wir k\u00f6nnen keine personalisierten Produkte zur\u00fccknehmen!<\/p>\n<p><span style=\"font-weight: 400;\">4.2.<\/span> Wenn Sie sich nicht sicher sind, ob ein personalisiertes Produkt Ihren Erwartungen entspricht, empfehlen wir Ihnen, sich zuerst mit uns in Verbindung zu setzen oder zuerst einen Artikel zu bestellen.<\/p>\n","protected":false},"excerpt":{"rendered":"<p>Informationen zur Aus\u00fcbung des Widerrufsrechts 1. Widerrufsrecht 1.1. Sie haben das Recht, binnen vierzehn Tagen ohne Angabe von Gr\u00fcnden diesen Vertrag zu widerrufen. 1.2. Die Widerrufsfrist betr\u00e4gt vierzehn Tage ab dem Tag, an dem Sie oder ein von Ihnen benannter Dritter, der nicht der Bef\u00f6rderer ist, die Waren in Besitz genommen haben bzw. hat; 1.3. [&hellip;]<\/p>\n","protected":false},"author":1,"featured_media":0,"parent":0,"menu_order":0,"comment_status":"closed","ping_status":"closed","template":"","meta":{"site-sidebar-layout":"default","site-content-layout":"default","ast-site-content-layout":"default","site-content-style":"default","site-sidebar-style":"default","ast-global-header-display":"","ast-banner-title-visibility":"","ast-main-header-display":"","ast-hfb-above-header-display":"","ast-hfb-below-header-display":"","ast-hfb-mobile-header-display":"","site-post-title":"","ast-breadcrumbs-content":"","ast-featured-img":"","footer-sml-layout":"","ast-disable-related-posts":"","theme-transparent-header-meta":"default","adv-header-id-meta":"","stick-header-meta":"default","header-above-stick-meta":"","header-main-stick-meta":"","header-below-stick-meta":"","astra-migrate-meta-layouts":"default","ast-page-background-enabled":"default","ast-page-background-meta":{"desktop":{"background-color":"","background-image":"","background-repeat":"repeat","background-position":"center center","background-size":"auto","background-attachment":"scroll","background-type":"","background-media":"","overlay-type":"","overlay-color":"","overlay-opacity":"","overlay-gradient":""},"tablet":{"background-color":"","background-image":"","background-repeat":"repeat","background-position":"center center","background-size":"auto","background-attachment":"scroll","background-type":"","background-media":"","overlay-type":"","overlay-color":"","overlay-opacity":"","overlay-gradient":""},"mobile":{"background-color":"","background-image":"","background-repeat":"repeat","background-position":"center center","background-size":"auto","background-attachment":"scroll","background-type":"","background-media":"","overlay-type":"","overlay-color":"","overlay-opacity":"","overlay-gradient":""}},"ast-content-background-meta":{"desktop":{"background-color":"var(--ast-global-color-5)","background-image":"","background-repeat":"repeat","background-position":"center center","background-size":"auto","background-attachment":"scroll","background-type":"","background-media":"","overlay-type":"","overlay-color":"","overlay-opacity":"","overlay-gradient":""},"tablet":{"background-color":"var(--ast-global-color-5)","background-image":"","background-repeat":"repeat","background-position":"center center","background-size":"auto","background-attachment":"scroll","background-type":"","background-media":"","overlay-type":"","overlay-color":"","overlay-opacity":"","overlay-gradient":""},"mobile":{"background-color":"var(--ast-global-color-5)","background-image":"","background-repeat":"repeat","background-position":"center center","background-size":"auto","background-attachment":"scroll","background-type":"","background-media":"","overlay-type":"","overlay-color":"","overlay-opacity":"","overlay-gradient":""}},"footnotes":""},"class_list":["post-12","page","type-page","status-publish","hentry"],"_links":{"self":[{"href":"https:\/\/www.fotojelinek.at\/shop\/wp-json\/wp\/v2\/pages\/12","targetHints":{"allow":["GET"]}}],"collection":[{"href":"https:\/\/www.fotojelinek.at\/shop\/wp-json\/wp\/v2\/pages"}],"about":[{"href":"https:\/\/www.fotojelinek.at\/shop\/wp-json\/wp\/v2\/types\/page"}],"author":[{"embeddable":true,"href":"https:\/\/www.fotojelinek.at\/shop\/wp-json\/wp\/v2\/users\/1"}],"replies":[{"embeddable":true,"href":"https:\/\/www.fotojelinek.at\/shop\/wp-json\/wp\/v2\/comments?post=12"}],"version-history":[{"count":11,"href":"https:\/\/www.fotojelinek.at\/shop\/wp-json\/wp\/v2\/pages\/12\/revisions"}],"predecessor-version":[{"id":667,"href":"https:\/\/www.fotojelinek.at\/shop\/wp-json\/wp\/v2\/pages\/12\/revisions\/667"}],"wp:attachment":[{"href":"https:\/\/www.fotojelinek.at\/shop\/wp-json\/wp\/v2\/media?parent=12"}],"curies":[{"name":"wp","href":"https:\/\/api.w.org\/{rel}","templated":true}]}}