{"id":10,"date":"2021-03-05T17:50:01","date_gmt":"2021-03-05T16:50:01","guid":{"rendered":"https:\/\/www.fotojelinek.at\/shop\/impressum\/"},"modified":"2021-03-22T13:04:27","modified_gmt":"2021-03-22T12:04:27","slug":"impressum","status":"publish","type":"page","link":"https:\/\/www.fotojelinek.at\/shop\/impressum\/","title":{"rendered":"Impressum"},"content":{"rendered":"<h1>Impressum<\/h1>\n<p>&nbsp;<\/p>\n<h3 style=\"text-align: center;\">Rudolf Thienel<\/h3>\n<h3 style=\"text-align: center;\">Foto Jelinek<\/h3>\n<p style=\"text-align: center;\">Loferer Stra\u00dfe 32<br \/>\n5760 Saalfelden<br \/>\nAustria<\/p>\n<p style=\"text-align: center;\">Telefon: +43 (0)6582 72501<br \/>\nTelefax: +43 (0)6582 76590<br \/>\n<a href=\"mailto:fotojelinek@aon.at\">fotojelinek@aon.at<\/a><\/p>\n<p style=\"text-align: center;\">www.fotojelinek.at<\/p>\n<p style=\"text-align: center;\">UST-IdNr: ATU 64927137<br \/>\nSteuer-Nr.: FA 193 \/ 140<br \/>\nGerichtsstand: Saalfelden<\/p>\n<p><img loading=\"lazy\" decoding=\"async\" class=\"aligncenter size-full wp-image-59\" src=\"https:\/\/www.fotojelinek.at\/wp-content\/uploads\/2016\/05\/space-20x20.png\" alt=\"space-20x20\" width=\"20\" height=\"20\" \/><\/p>\n<p>Haftungsausschluss:<\/p>\n<p>Trotz sorgf\u00e4ltiger Pr\u00fcfung \u00fcbernimmt der Herausgeber keinerlei Gew\u00e4hr f\u00fcr die Richtigkeit, Aktualit\u00e4t oder Vollst\u00e4ndigkeit der auf dieser Website ver\u00f6ffentlichten Informationen.<\/p>\n<p>F\u00fcr eventuelle Sch\u00e4den materieller oder ideeller Art, die sich aus der Nutzung des Informationsangebots ergeben, sind grunds\u00e4tzlich keine Haftungsanspr\u00fcche gegen\u00fcber dem Herausgeber geltend zu machen. Der Herausgeber beh\u00e4lt sich vor, die Website als Ganzes oder teilweise ohne vorherige Ank\u00fcndigung zu ver\u00e4ndern oder die Ver\u00f6ffentlichung ganz einzustellen.<\/p>\n<p>F\u00fcr externe Websites, die mit Links \u00fcber diese Homepage erreicht werden, ist der Herausgeber nicht zust\u00e4ndig. Obgleich diese externen Seiten zum Zeitpunkt der Linksetzung vom Herausgeber \u00fcberpr\u00fcft wurden, hat dieser keinen Einfluss auf sp\u00e4tere \u00c4nderungen der Adressen und Inhalte und ist auch nicht in der Lage, diese st\u00e4ndig zu verifizieren.<\/p>\n<p>F\u00fcr illegale oder fehlerhafte Inhalte und Informationen auf solchen externen Websites haftet allein der Anbieter der entsprechenden Seiten.<\/p>\n<p>Das Kopieren und Verwenden von Texten oder Textpassagen und Bildern der Website ist untersagt!<\/p>\n","protected":false},"excerpt":{"rendered":"<p>Impressum &nbsp; Rudolf Thienel Foto Jelinek Loferer Stra\u00dfe 32 5760 Saalfelden Austria Telefon: +43 (0)6582 72501 Telefax: +43 (0)6582 76590 fotojelinek@aon.at www.fotojelinek.at UST-IdNr: ATU 64927137 Steuer-Nr.: FA 193 \/ 140 Gerichtsstand: Saalfelden Haftungsausschluss: Trotz sorgf\u00e4ltiger Pr\u00fcfung \u00fcbernimmt der Herausgeber keinerlei Gew\u00e4hr f\u00fcr die Richtigkeit, Aktualit\u00e4t oder Vollst\u00e4ndigkeit der auf dieser Website ver\u00f6ffentlichten Informationen. F\u00fcr eventuelle [&hellip;]<\/p>\n","protected":false},"author":1,"featured_media":0,"parent":0,"menu_order":0,"comment_status":"closed","ping_status":"closed","template":"","meta":{"site-sidebar-layout":"default","site-content-layout":"default","ast-site-content-layout":"default","site-content-style":"default","site-sidebar-style":"default","ast-global-header-display":"","ast-banner-title-visibility":"","ast-main-header-display":"","ast-hfb-above-header-display":"","ast-hfb-below-header-display":"","ast-hfb-mobile-header-display":"","site-post-title":"","ast-breadcrumbs-content":"","ast-featured-img":"","footer-sml-layout":"","ast-disable-related-posts":"","theme-transparent-header-meta":"default","adv-header-id-meta":"","stick-header-meta":"default","header-above-stick-meta":"","header-main-stick-meta":"","header-below-stick-meta":"","astra-migrate-meta-layouts":"default","ast-page-background-enabled":"default","ast-page-background-meta":{"desktop":{"background-color":"","background-image":"","background-repeat":"repeat","background-position":"center center","background-size":"auto","background-attachment":"scroll","background-type":"","background-media":"","overlay-type":"","overlay-color":"","overlay-opacity":"","overlay-gradient":""},"tablet":{"background-color":"","background-image":"","background-repeat":"repeat","background-position":"center center","background-size":"auto","background-attachment":"scroll","background-type":"","background-media":"","overlay-type":"","overlay-color":"","overlay-opacity":"","overlay-gradient":""},"mobile":{"background-color":"","background-image":"","background-repeat":"repeat","background-position":"center center","background-size":"auto","background-attachment":"scroll","background-type":"","background-media":"","overlay-type":"","overlay-color":"","overlay-opacity":"","overlay-gradient":""}},"ast-content-background-meta":{"desktop":{"background-color":"var(--ast-global-color-5)","background-image":"","background-repeat":"repeat","background-position":"center center","background-size":"auto","background-attachment":"scroll","background-type":"","background-media":"","overlay-type":"","overlay-color":"","overlay-opacity":"","overlay-gradient":""},"tablet":{"background-color":"var(--ast-global-color-5)","background-image":"","background-repeat":"repeat","background-position":"center center","background-size":"auto","background-attachment":"scroll","background-type":"","background-media":"","overlay-type":"","overlay-color":"","overlay-opacity":"","overlay-gradient":""},"mobile":{"background-color":"var(--ast-global-color-5)","background-image":"","background-repeat":"repeat","background-position":"center center","background-size":"auto","background-attachment":"scroll","background-type":"","background-media":"","overlay-type":"","overlay-color":"","overlay-opacity":"","overlay-gradient":""}},"footnotes":""},"class_list":["post-10","page","type-page","status-publish","hentry"],"_links":{"self":[{"href":"https:\/\/www.fotojelinek.at\/shop\/wp-json\/wp\/v2\/pages\/10","targetHints":{"allow":["GET"]}}],"collection":[{"href":"https:\/\/www.fotojelinek.at\/shop\/wp-json\/wp\/v2\/pages"}],"about":[{"href":"https:\/\/www.fotojelinek.at\/shop\/wp-json\/wp\/v2\/types\/page"}],"author":[{"embeddable":true,"href":"https:\/\/www.fotojelinek.at\/shop\/wp-json\/wp\/v2\/users\/1"}],"replies":[{"embeddable":true,"href":"https:\/\/www.fotojelinek.at\/shop\/wp-json\/wp\/v2\/comments?post=10"}],"version-history":[{"count":2,"href":"https:\/\/www.fotojelinek.at\/shop\/wp-json\/wp\/v2\/pages\/10\/revisions"}],"predecessor-version":[{"id":204,"href":"https:\/\/www.fotojelinek.at\/shop\/wp-json\/wp\/v2\/pages\/10\/revisions\/204"}],"wp:attachment":[{"href":"https:\/\/www.fotojelinek.at\/shop\/wp-json\/wp\/v2\/media?parent=10"}],"curies":[{"name":"wp","href":"https:\/\/api.w.org\/{rel}","templated":true}]}}